{"id":357,"date":"2022-10-22T16:10:21","date_gmt":"2022-10-22T14:10:21","guid":{"rendered":"http:\/\/mazzeri.fr\/?page_id=357"},"modified":"2022-11-24T19:35:56","modified_gmt":"2022-11-24T18:35:56","slug":"home-2","status":"publish","type":"page","link":"https:\/\/mazzeri.fr\/","title":{"rendered":"Accueil"},"content":{"rendered":"<div class=\"passster-form\" id=\"ps-248\">  \n  <form class=\"password-form\" method=\"post\" autocomplete=\"off\" action-xhr=\"https:\/\/mazzeri.fr\/\" target=\"_top\">\n    <h4>Site prot\u00e9g\u00e9 <\/h4>\n    <p>Pour acc\u00e9der au site, r\u00e9pondez \u00e0 cette question : \nComment s'appelle la f\u00e9e dans le jeu Mazzeri ?<\/p>\n    <fieldset>\n      <span class=\"ps-loader\"><img decoding=\"async\" src=\"https:\/\/mazzeri.fr\/wp-content\/plugins\/content-protector\/assets\/public\/ps-loader.svg\"\/><\/span>\n      <input placeholder=\"Entrez la bonne r\u00e9ponse..\" type=\"password\" tabindex=\"1\" name=\"passster_password\" id=\"passster_password\" class=\"passster-password\" autocomplete=\"off\" data-protection-type=\"password\" data-list=\"[PASSSTER_LIST]\" data-area=\"[PASSSTER_AREA]\" data-protection=\"full\">\n      \n      <button name=\"submit\" type=\"submit\" class=\"passster-submit\" data-psid=\"ps-248\"  data-submit=\"...Checking Password\" data-redirect=\"\">C'est parti<\/button>\n       <div class=\"passster-error\"><\/div>\n    <\/fieldset>\n  <\/form>\n<\/div>","protected":false},"excerpt":{"rendered":"<div class=\"passster-form\" id=\"ps-957\">\n<form class=\"password-form\" method=\"post\" autocomplete=\"off\" action-xhr=\"https:\/\/mazzeri.fr\/\" target=\"_top\">\n<h4>Site prot\u00e9g\u00e9 <\/h4>\n<p>Pour acc\u00e9der au site, r\u00e9pondez \u00e0 cette question :<br \/>\nComment s&#8217;appelle la f\u00e9e dans le jeu Mazzeri ?<\/p>\n<fieldset>\n      <span class=\"ps-loader\"><img decoding=\"async\" src=\"https:\/\/mazzeri.fr\/wp-content\/plugins\/content-protector\/assets\/public\/ps-loader.svg\"\/><\/span><br \/>\n      <input placeholder=\"Entrez la bonne r\u00e9ponse..\" type=\"password\" tabindex=\"1\" name=\"passster_password\" id=\"passster_password\" class=\"passster-password\" autocomplete=\"off\" data-protection-type=\"password\" data-list=\"[PASSSTER_LIST]\" data-area=\"[PASSSTER_AREA]\" data-protection=\"full\"><\/p>\n<p>      <button name=\"submit\" type=\"submit\" class=\"passster-submit\" data-psid=\"ps-957\"  data-submit=\"...Checking Password\" data-redirect=\"\">C&#8217;est parti<\/button><\/p>\n<div class=\"passster-error\"><\/div>\n<\/fieldset><\/form>\n<\/div>\n","protected":false},"author":2,"featured_media":0,"parent":0,"menu_order":0,"comment_status":"closed","ping_status":"closed","template":"","meta":{"_kad_post_transparent":"","_kad_post_title":"","_kad_post_layout":"","_kad_post_sidebar_id":"","_kad_post_content_style":"","_kad_post_vertical_padding":"","_kad_post_feature":"","_kad_post_feature_position":"","_kad_post_header":false,"_kad_post_footer":false,"footnotes":""},"class_list":["post-357","page","type-page","status-publish","hentry"],"_links":{"self":[{"href":"https:\/\/mazzeri.fr\/index.php?rest_route=\/wp\/v2\/pages\/357","targetHints":{"allow":["GET"]}}],"collection":[{"href":"https:\/\/mazzeri.fr\/index.php?rest_route=\/wp\/v2\/pages"}],"about":[{"href":"https:\/\/mazzeri.fr\/index.php?rest_route=\/wp\/v2\/types\/page"}],"author":[{"embeddable":true,"href":"https:\/\/mazzeri.fr\/index.php?rest_route=\/wp\/v2\/users\/2"}],"replies":[{"embeddable":true,"href":"https:\/\/mazzeri.fr\/index.php?rest_route=%2Fwp%2Fv2%2Fcomments&post=357"}],"version-history":[{"count":110,"href":"https:\/\/mazzeri.fr\/index.php?rest_route=\/wp\/v2\/pages\/357\/revisions"}],"predecessor-version":[{"id":581,"href":"https:\/\/mazzeri.fr\/index.php?rest_route=\/wp\/v2\/pages\/357\/revisions\/581"}],"wp:attachment":[{"href":"https:\/\/mazzeri.fr\/index.php?rest_route=%2Fwp%2Fv2%2Fmedia&parent=357"}],"curies":[{"name":"wp","href":"https:\/\/api.w.org\/{rel}","templated":true}]}}